{"id":2245,"date":"2025-05-16T07:21:27","date_gmt":"2025-05-16T07:21:27","guid":{"rendered":"https:\/\/rethrivin.com\/dfddfff\/"},"modified":"2025-10-15T15:43:06","modified_gmt":"2025-10-15T15:43:06","slug":"nosotros","status":"publish","type":"page","link":"https:\/\/rethrivin.com\/es\/nosotros\/","title":{"rendered":"Nosotros"},"content":{"rendered":"\t\t<div data-elementor-type=\"wp-page\" data-elementor-id=\"2245\" class=\"elementor elementor-2245 elementor-9\">\n\t\t\t\t<div class=\"elementor-element elementor-element-55a56c3 e-flex e-con-boxed e-con e-parent\" data-id=\"55a56c3\" data-element_type=\"container\" data-settings=\"{&quot;background_background&quot;:&quot;classic&quot;}\">\n\t\t\t\t\t<div class=\"e-con-inner\">\n\t\t\t\t<div class=\"elementor-element elementor-element-2b69aba elementor-widget elementor-widget-heading\" data-id=\"2b69aba\" data-element_type=\"widget\" data-widget_type=\"heading.default\">\n\t\t\t\t<div class=\"elementor-widget-container\">\n\t\t\t\t\t<h2 class=\"elementor-heading-title elementor-size-default\">Estamos aqu\u00ed para reactivar tu esencia.<\/h2>\t\t\t\t<\/div>\n\t\t\t\t<\/div>\n\t\t\t\t\t<\/div>\n\t\t\t\t<\/div>\n\t\t<div class=\"elementor-element elementor-element-5d5b40e e-con-full e-flex e-con e-parent\" data-id=\"5d5b40e\" data-element_type=\"container\" data-settings=\"{&quot;background_background&quot;:&quot;classic&quot;}\">\n\t\t<div class=\"elementor-element elementor-element-827a935 e-con-full e-flex e-con e-child\" data-id=\"827a935\" data-element_type=\"container\" data-settings=\"{&quot;background_background&quot;:&quot;classic&quot;}\">\n\t\t<div class=\"elementor-element elementor-element-95cf709 e-con-full e-flex e-con e-child\" data-id=\"95cf709\" data-element_type=\"container\">\n\t\t<div class=\"elementor-element elementor-element-ba30b95 e-con-full e-flex e-con e-child\" data-id=\"ba30b95\" data-element_type=\"container\">\n\t\t\t\t<div class=\"elementor-element elementor-element-789566b elementor-vertical-align-middle elementor-widget elementor-widget-image-box\" data-id=\"789566b\" data-element_type=\"widget\" data-widget_type=\"image-box.default\">\n\t\t\t\t<div class=\"elementor-widget-container\">\n\t\t\t\t\t<div class=\"elementor-image-box-wrapper\"><div class=\"elementor-image-box-content\"><h3 class=\"elementor-image-box-title\">NOSOTROS<\/h3><\/div><\/div>\t\t\t\t<\/div>\n\t\t\t\t<\/div>\n\t\t\t\t<div class=\"elementor-element elementor-element-d1db492 elementor-widget elementor-widget-heading\" data-id=\"d1db492\" data-element_type=\"widget\" data-widget_type=\"heading.default\">\n\t\t\t\t<div class=\"elementor-widget-container\">\n\t\t\t\t\t<h2 class=\"elementor-heading-title elementor-size-default\">EVOLUCI\u00d3N<\/h2>\t\t\t\t<\/div>\n\t\t\t\t<\/div>\n\t\t\t\t<div class=\"elementor-element elementor-element-77bea0e elementor-widget elementor-widget-text-editor\" data-id=\"77bea0e\" data-element_type=\"widget\" data-widget_type=\"text-editor.default\">\n\t\t\t\t<div class=\"elementor-widget-container\">\n\t\t\t\t\t\t\t\t\t<p>Re.thrivin naci\u00f3 de una transformaci\u00f3n real, de esa que no surge de la teor\u00eda, sino de atravesar el fuego y salir completo.<\/p>\t\t\t\t\t\t\t\t<\/div>\n\t\t\t\t<\/div>\n\t\t\t\t<div class=\"elementor-element elementor-element-f628aa7 elementor-widget elementor-widget-text-editor\" data-id=\"f628aa7\" data-element_type=\"widget\" data-widget_type=\"text-editor.default\">\n\t\t\t\t<div class=\"elementor-widget-container\">\n\t\t\t\t\t\t\t\t\t<p>Despu\u00e9s de liderar la reinvenci\u00f3n de una empresa con m\u00e1s de 500 personas, superar desaf\u00edos de liderazgo entre continentes y transformar la cultura desde adentro, nuestra fundadora, Yuri, no solo cambi\u00f3 de rumbo.<\/p>\t\t\t\t\t\t\t\t<\/div>\n\t\t\t\t<\/div>\n\t\t\t\t<div class=\"elementor-element elementor-element-3d7f95c elementor-widget elementor-widget-text-editor\" data-id=\"3d7f95c\" data-element_type=\"widget\" data-widget_type=\"text-editor.default\">\n\t\t\t\t<div class=\"elementor-widget-container\">\n\t\t\t\t\t\t\t\t\t<p>Ella evolucion\u00f3.<\/p>\t\t\t\t\t\t\t\t<\/div>\n\t\t\t\t<\/div>\n\t\t\t\t<div class=\"elementor-element elementor-element-5463355 elementor-widget elementor-widget-text-editor\" data-id=\"5463355\" data-element_type=\"widget\" data-widget_type=\"text-editor.default\">\n\t\t\t\t<div class=\"elementor-widget-container\">\n\t\t\t\t\t\t\t\t\tY cre\u00f3 Re.thrivin como un espacio para que otros tambi\u00e9n pudieran hacerlo.\t\t\t\t\t\t\t\t<\/div>\n\t\t\t\t<\/div>\n\t\t\t\t<\/div>\n\t\t<div class=\"elementor-element elementor-element-2905f15 e-con-full e-flex e-con e-child\" data-id=\"2905f15\" data-element_type=\"container\" data-settings=\"{&quot;background_background&quot;:&quot;classic&quot;}\">\n\t\t\t\t<div class=\"elementor-element elementor-element-ea3ba06 elementor-widget elementor-widget-image\" data-id=\"ea3ba06\" data-element_type=\"widget\" data-widget_type=\"image.default\">\n\t\t\t\t<div class=\"elementor-widget-container\">\n\t\t\t\t\t\t\t\t\t\t\t\t\t\t\t<img fetchpriority=\"high\" decoding=\"async\" width=\"1500\" height=\"1046\" src=\"https:\/\/rethrivin.com\/wp-content\/uploads\/2025\/06\/Logo-rethrivin-tajeta-mockup2.png\" class=\"attachment-full size-full wp-image-2214\" alt=\"\" srcset=\"https:\/\/rethrivin.com\/wp-content\/uploads\/2025\/06\/Logo-rethrivin-tajeta-mockup2.png 1500w, https:\/\/rethrivin.com\/wp-content\/uploads\/2025\/06\/Logo-rethrivin-tajeta-mockup2-300x209.png 300w, https:\/\/rethrivin.com\/wp-content\/uploads\/2025\/06\/Logo-rethrivin-tajeta-mockup2-1024x714.png 1024w, https:\/\/rethrivin.com\/wp-content\/uploads\/2025\/06\/Logo-rethrivin-tajeta-mockup2-768x536.png 768w\" sizes=\"(max-width: 1500px) 100vw, 1500px\" \/>\t\t\t\t\t\t\t\t\t\t\t\t\t\t\t<\/div>\n\t\t\t\t<\/div>\n\t\t\t\t<\/div>\n\t\t\t\t<\/div>\n\t\t\t\t<\/div>\n\t\t\t\t<\/div>\n\t\t<div class=\"elementor-element elementor-element-de4002c e-con-full e-flex e-con e-parent\" data-id=\"de4002c\" data-element_type=\"container\" data-settings=\"{&quot;background_background&quot;:&quot;classic&quot;}\">\n\t\t<div class=\"elementor-element elementor-element-108decc e-con-full e-flex e-con e-child\" data-id=\"108decc\" data-element_type=\"container\">\n\t\t<div class=\"elementor-element elementor-element-2009afd e-con-full e-flex e-con e-child\" data-id=\"2009afd\" data-element_type=\"container\">\n\t\t\t\t<div class=\"elementor-element elementor-element-c74713e elementor-widget elementor-widget-heading\" data-id=\"c74713e\" data-element_type=\"widget\" data-widget_type=\"heading.default\">\n\t\t\t\t<div class=\"elementor-widget-container\">\n\t\t\t\t\t<h2 class=\"elementor-heading-title elementor-size-default\">Somos una comunidad global<br>de coaches expertos. <\/h2>\t\t\t\t<\/div>\n\t\t\t\t<\/div>\n\t\t\t\t<div class=\"elementor-element elementor-element-9a596af elementor-widget elementor-widget-text-editor\" data-id=\"9a596af\" data-element_type=\"widget\" data-widget_type=\"text-editor.default\">\n\t\t\t\t<div class=\"elementor-widget-container\">\n\t\t\t\t\t\t\t\t\t<p>Re-thrivin naci\u00f3 de una reinvenci\u00f3n. Desde liderar la transformaci\u00f3n de una empresa con m\u00e1s de 500 personas hasta acompa\u00f1ar a l\u00edderes en m\u00e1s de 20 pa\u00edses, nuestros coaches aportan una combinaci\u00f3n poco com\u00fan: visi\u00f3n estrat\u00e9gica de negocio + profunda comprensi\u00f3n humana.<\/p>\t\t\t\t\t\t\t\t<\/div>\n\t\t\t\t<\/div>\n\t\t\t\t<div class=\"elementor-element elementor-element-016bbb1 elementor-widget elementor-widget-text-editor\" data-id=\"016bbb1\" data-element_type=\"widget\" data-widget_type=\"text-editor.default\">\n\t\t\t\t<div class=\"elementor-widget-container\">\n\t\t\t\t\t\t\t\t\tSe trata de qui\u00e9n eres, c\u00f3mo lideras y por qu\u00e9 todo eso importa.\n\t\t\t\t\t\t\t\t<\/div>\n\t\t\t\t<\/div>\n\t\t\t\t<div class=\"elementor-element elementor-element-f8a66f0 elementor-widget elementor-widget-text-editor\" data-id=\"f8a66f0\" data-element_type=\"widget\" data-widget_type=\"text-editor.default\">\n\t\t\t\t<div class=\"elementor-widget-container\">\n\t\t\t\t\t\t\t\t\t<p class=\"mar-0 \">Ya seas un ejecutivo, un equipo o toda una organizaci\u00f3n, te acompa\u00f1amos justo en el l\u00edmite de tu pr\u00f3xima evoluci\u00f3n. <\/p>\t\t\t\t\t\t\t\t<\/div>\n\t\t\t\t<\/div>\n\t\t\t\t<\/div>\n\t\t<div class=\"elementor-element elementor-element-22f9d17 e-con-full elementor-hidden-desktop e-flex e-con e-child\" data-id=\"22f9d17\" data-element_type=\"container\">\n\t\t\t\t<div class=\"elementor-element elementor-element-2ee121c elementor-widget elementor-widget-image\" data-id=\"2ee121c\" data-element_type=\"widget\" data-widget_type=\"image.default\">\n\t\t\t\t<div class=\"elementor-widget-container\">\n\t\t\t\t\t\t\t\t\t\t\t\t\t\t\t<img decoding=\"async\" width=\"1024\" height=\"728\" src=\"https:\/\/rethrivin.com\/wp-content\/uploads\/2025\/06\/vector-rethrivin_people-coaches-1024x728.png\" class=\"attachment-large size-large wp-image-2218\" alt=\"\" srcset=\"https:\/\/rethrivin.com\/wp-content\/uploads\/2025\/06\/vector-rethrivin_people-coaches-1024x728.png 1024w, https:\/\/rethrivin.com\/wp-content\/uploads\/2025\/06\/vector-rethrivin_people-coaches-300x213.png 300w, https:\/\/rethrivin.com\/wp-content\/uploads\/2025\/06\/vector-rethrivin_people-coaches-768x546.png 768w, https:\/\/rethrivin.com\/wp-content\/uploads\/2025\/06\/vector-rethrivin_people-coaches-1536x1092.png 1536w, https:\/\/rethrivin.com\/wp-content\/uploads\/2025\/06\/vector-rethrivin_people-coaches-2048x1456.png 2048w\" sizes=\"(max-width: 1024px) 100vw, 1024px\" \/>\t\t\t\t\t\t\t\t\t\t\t\t\t\t\t<\/div>\n\t\t\t\t<\/div>\n\t\t\t\t<\/div>\n\t\t\t\t<\/div>\n\t\t\t\t<\/div>\n\t\t<div class=\"elementor-element elementor-element-b107061 e-con-full e-flex e-con e-parent\" data-id=\"b107061\" data-element_type=\"container\">\n\t\t<div class=\"elementor-element elementor-element-cd31cfe e-con-full e-flex e-con e-child\" data-id=\"cd31cfe\" data-element_type=\"container\" data-settings=\"{&quot;background_background&quot;:&quot;gradient&quot;}\">\n\t\t\t\t<div class=\"elementor-element elementor-element-1e54b7d elementor-vertical-align-middle elementor-widget elementor-widget-image-box\" data-id=\"1e54b7d\" data-element_type=\"widget\" data-widget_type=\"image-box.default\">\n\t\t\t\t<div class=\"elementor-widget-container\">\n\t\t\t\t\t<div class=\"elementor-image-box-wrapper\"><div class=\"elementor-image-box-content\"><h3 class=\"elementor-image-box-title\">NOSOTROS<\/h3><\/div><\/div>\t\t\t\t<\/div>\n\t\t\t\t<\/div>\n\t\t\t\t<div class=\"elementor-element elementor-element-8a020d3 elementor-widget elementor-widget-heading\" data-id=\"8a020d3\" data-element_type=\"widget\" data-widget_type=\"heading.default\">\n\t\t\t\t<div class=\"elementor-widget-container\">\n\t\t\t\t\t<h2 class=\"elementor-heading-title elementor-size-default\"><span class=\"color--red\">un.prop\u00f3sito<\/span><\/h2>\t\t\t\t<\/div>\n\t\t\t\t<\/div>\n\t\t\t\t<div class=\"elementor-element elementor-element-201bf1a elementor-widget elementor-widget-text-editor\" data-id=\"201bf1a\" data-element_type=\"widget\" data-widget_type=\"text-editor.default\">\n\t\t\t\t<div class=\"elementor-widget-container\">\n\t\t\t\t\t\t\t\t\t<p>Re.thrivin ayuda a l\u00edderes y organizaciones a evolucionar desde adentro hacia afuera, no haciendo m\u00e1s, sino siendo m\u00e1s: m\u00e1s alineados, m\u00e1s conscientes, m\u00e1s fieles a su prop\u00f3sito.<\/p>\t\t\t\t\t\t\t\t<\/div>\n\t\t\t\t<\/div>\n\t\t\t\t<\/div>\n\t\t\t\t<\/div>\n\t\t<div class=\"elementor-element elementor-element-1592c67 e-con-full e-flex e-con e-parent\" data-id=\"1592c67\" data-element_type=\"container\" data-settings=\"{&quot;background_background&quot;:&quot;classic&quot;}\">\n\t\t<div class=\"elementor-element elementor-element-e8b343f e-con-full e-flex e-con e-child\" data-id=\"e8b343f\" data-element_type=\"container\" data-settings=\"{&quot;background_background&quot;:&quot;classic&quot;}\">\n\t\t<div class=\"elementor-element elementor-element-84fed8f e-con-full e-flex e-con e-child\" data-id=\"84fed8f\" data-element_type=\"container\">\n\t\t<div class=\"elementor-element elementor-element-91b6cbf e-con-full e-flex e-con e-child\" data-id=\"91b6cbf\" data-element_type=\"container\">\n\t\t\t\t<div class=\"elementor-element elementor-element-b732d0c elementor-vertical-align-middle elementor-widget elementor-widget-image-box\" data-id=\"b732d0c\" data-element_type=\"widget\" id=\"meetyuri\" data-widget_type=\"image-box.default\">\n\t\t\t\t<div class=\"elementor-widget-container\">\n\t\t\t\t\t<div class=\"elementor-image-box-wrapper\"><div class=\"elementor-image-box-content\"><h3 class=\"elementor-image-box-title\">NOSOTROS<\/h3><\/div><\/div>\t\t\t\t<\/div>\n\t\t\t\t<\/div>\n\t\t\t\t<div class=\"elementor-element elementor-element-7e5f7a2 elementor-widget elementor-widget-heading\" data-id=\"7e5f7a2\" data-element_type=\"widget\" data-widget_type=\"heading.default\">\n\t\t\t\t<div class=\"elementor-widget-container\">\n\t\t\t\t\t<h2 class=\"elementor-heading-title elementor-size-default\"><span class=\"color--red\">conoce.a.yuri<\/span><\/h2>\t\t\t\t<\/div>\n\t\t\t\t<\/div>\n\t\t\t\t<div class=\"elementor-element elementor-element-61c4b3c elementor-widget elementor-widget-text-editor\" data-id=\"61c4b3c\" data-element_type=\"widget\" data-widget_type=\"text-editor.default\">\n\t\t\t\t<div class=\"elementor-widget-container\">\n\t\t\t\t\t\t\t\t\tYuri Hern\u00e1ndez une la reinvenci\u00f3n empresarial con la evoluci\u00f3n humana. Ha vivido, liderado y encarnado ambas al m\u00e1s alto nivel.\t\t\t\t\t\t\t\t<\/div>\n\t\t\t\t<\/div>\n\t\t\t\t<div class=\"elementor-element elementor-element-d99a5fe elementor-widget elementor-widget-heading\" data-id=\"d99a5fe\" data-element_type=\"widget\" data-widget_type=\"heading.default\">\n\t\t\t\t<div class=\"elementor-widget-container\">\n\t\t\t\t\t<h2 class=\"elementor-heading-title elementor-size-default\">\u00bfQu\u00e9 la hace diferente?<\/h2>\t\t\t\t<\/div>\n\t\t\t\t<\/div>\n\t\t\t\t<div class=\"elementor-element elementor-element-66b112f elementor-widget elementor-widget-text-editor\" data-id=\"66b112f\" data-element_type=\"widget\" data-widget_type=\"text-editor.default\">\n\t\t\t\t<div class=\"elementor-widget-container\">\n\t\t\t\t\t\t\t\t\tCombina una profunda experiencia ejecutiva con una comprensi\u00f3n poco com\u00fan de las din\u00e1micas organizacionales y humanas.\n\nSu enfoque se trata de alineaci\u00f3n profunda, liderazgo consciente y transformaci\u00f3n sostenible, de esa que cambia tanto los resultados como la identidad.\n<br>\n\t\t\t\t\t\t\t\t<\/div>\n\t\t\t\t<\/div>\n\t\t\t\t<\/div>\n\t\t<div class=\"elementor-element elementor-element-603d0be e-con-full e-flex e-con e-child\" data-id=\"603d0be\" data-element_type=\"container\" data-settings=\"{&quot;background_background&quot;:&quot;classic&quot;}\">\n\t\t\t\t<div class=\"elementor-element elementor-element-acd8490 elementor-widget elementor-widget-video\" data-id=\"acd8490\" data-element_type=\"widget\" data-settings=\"{&quot;video_type&quot;:&quot;hosted&quot;,&quot;controls&quot;:&quot;yes&quot;}\" data-widget_type=\"video.default\">\n\t\t\t\t<div class=\"elementor-widget-container\">\n\t\t\t\t\t\t\t<div class=\"e-hosted-video elementor-wrapper elementor-open-inline\">\n\t\t\t\t\t<video class=\"elementor-video\" src=\"https:\/\/rethrivin.com\/wp-content\/uploads\/2025\/10\/yuri.mp4\" controls=\"\" preload=\"metadata\" controlsList=\"nodownload\" poster=\"https:\/\/rethrivin.com\/wp-content\/uploads\/2025\/10\/yuri.png\"><\/video>\n\t\t\t\t<\/div>\n\t\t\t\t\t\t<\/div>\n\t\t\t\t<\/div>\n\t\t\t\t<\/div>\n\t\t\t\t<\/div>\n\t\t\t\t<\/div>\n\t\t\t\t<\/div>\n\t\t<div class=\"elementor-element elementor-element-3e02768 e-con-full e-flex e-con e-parent\" data-id=\"3e02768\" data-element_type=\"container\" data-settings=\"{&quot;background_background&quot;:&quot;classic&quot;}\">\n\t\t<div class=\"elementor-element elementor-element-32fe239 e-con-full e-flex e-con e-child\" data-id=\"32fe239\" data-element_type=\"container\" data-settings=\"{&quot;background_background&quot;:&quot;classic&quot;}\">\n\t\t\t\t<div class=\"elementor-element elementor-element-66b3446 elementor-widget elementor-widget-text-editor\" data-id=\"66b3446\" data-element_type=\"widget\" data-widget_type=\"text-editor.default\">\n\t\t\t\t<div class=\"elementor-widget-container\">\n\t\t\t\t\t\t\t\t\t<p>Formada como ingeniera en M\u00e9xico, Espa\u00f1a y Asia, Yuri obtuvo su MBA en Canad\u00e1, en la prestigiosa Universidad de Toronto.<br> M\u00e1s adelante complet\u00f3 una Maestr\u00eda en Cambio en INSEAD, una de las escuelas de negocios m\u00e1s reconocidas del mundo, con sedes en Francia y Singapur. Tambi\u00e9n se ha formado en programas ejecutivos de MIT y Stanford, y es coach ontol\u00f3gica certificada por CCE, acreditada por la ICF.<\/p>\t\t\t\t\t\t\t\t<\/div>\n\t\t\t\t<\/div>\n\t\t\t\t<\/div>\n\t\t\t\t<\/div>\n\t\t<div class=\"elementor-element elementor-element-3b69578 e-con-full e-flex e-con e-parent\" data-id=\"3b69578\" data-element_type=\"container\">\n\t\t<div class=\"elementor-element elementor-element-6c5785c e-con-full max-width e-flex e-con e-child\" data-id=\"6c5785c\" data-element_type=\"container\" data-settings=\"{&quot;background_background&quot;:&quot;classic&quot;}\">\n\t\t\t\t<div class=\"elementor-element elementor-element-4230dec elementor-widget elementor-widget-text-editor\" data-id=\"4230dec\" data-element_type=\"widget\" id=\"dss\" data-widget_type=\"text-editor.default\">\n\t\t\t\t<div class=\"elementor-widget-container\">\n\t\t\t\t\t\t\t\t\t<p class=\"mar-0\">Si buscas evolucionar<br>con claridad, profundidad<br>y estrategia, camina<br>junto a ella. <\/p>\t\t\t\t\t\t\t\t<\/div>\n\t\t\t\t<\/div>\n\t\t\t\t<\/div>\n\t\t\t\t<\/div>\n\t\t\t\t<\/div>\n\t\t","protected":false},"excerpt":{"rendered":"<p>Estamos aqu\u00ed para reactivar tu esencia. NOSOTROS EVOLUCI\u00d3N Re.thrivin naci\u00f3 de una transformaci\u00f3n real, de esa que no surge de la teor\u00eda, sino de atravesar el fuego y salir completo. Despu\u00e9s de liderar la reinvenci\u00f3n de una empresa con m\u00e1s de 500 personas, superar desaf\u00edos de liderazgo entre continentes y transformar la cultura desde adentro,&hellip;&nbsp;<a href=\"https:\/\/rethrivin.com\/es\/nosotros\/\" rel=\"bookmark\">Leer m\u00e1s &raquo;<span class=\"screen-reader-text\">Nosotros<\/span><\/a><\/p>\n","protected":false},"author":1,"featured_media":0,"parent":0,"menu_order":0,"comment_status":"closed","ping_status":"closed","template":"elementor_header_footer","meta":{"neve_meta_sidebar":"","neve_meta_container":"","neve_meta_enable_content_width":"on","neve_meta_content_width":100,"neve_meta_title_alignment":"","neve_meta_author_avatar":"","neve_post_elements_order":"","neve_meta_disable_header":"","neve_meta_disable_footer":"","neve_meta_disable_title":"on","footnotes":""},"class_list":["post-2245","page","type-page","status-publish","hentry"],"_links":{"self":[{"href":"https:\/\/rethrivin.com\/es\/wp-json\/wp\/v2\/pages\/2245","targetHints":{"allow":["GET"]}}],"collection":[{"href":"https:\/\/rethrivin.com\/es\/wp-json\/wp\/v2\/pages"}],"about":[{"href":"https:\/\/rethrivin.com\/es\/wp-json\/wp\/v2\/types\/page"}],"author":[{"embeddable":true,"href":"https:\/\/rethrivin.com\/es\/wp-json\/wp\/v2\/users\/1"}],"replies":[{"embeddable":true,"href":"https:\/\/rethrivin.com\/es\/wp-json\/wp\/v2\/comments?post=2245"}],"version-history":[{"count":31,"href":"https:\/\/rethrivin.com\/es\/wp-json\/wp\/v2\/pages\/2245\/revisions"}],"predecessor-version":[{"id":2657,"href":"https:\/\/rethrivin.com\/es\/wp-json\/wp\/v2\/pages\/2245\/revisions\/2657"}],"wp:attachment":[{"href":"https:\/\/rethrivin.com\/es\/wp-json\/wp\/v2\/media?parent=2245"}],"curies":[{"name":"wp","href":"https:\/\/api.w.org\/{rel}","templated":true}]}}