{"id":2385,"date":"2025-05-16T07:21:27","date_gmt":"2025-05-16T07:21:27","guid":{"rendered":"https:\/\/rethrivin.com\/contacto\/"},"modified":"2025-10-14T14:06:20","modified_gmt":"2025-10-14T14:06:20","slug":"contacto","status":"publish","type":"page","link":"https:\/\/rethrivin.com\/es\/contacto\/","title":{"rendered":"Contacto"},"content":{"rendered":"\t\t<div data-elementor-type=\"wp-page\" data-elementor-id=\"2385\" class=\"elementor elementor-2385 elementor-10\">\n\t\t\t\t<div class=\"elementor-element elementor-element-f1a09b8 e-flex e-con-boxed e-con e-parent\" data-id=\"f1a09b8\" data-element_type=\"container\" data-settings=\"{&quot;background_background&quot;:&quot;classic&quot;}\">\n\t\t\t\t\t<div class=\"e-con-inner\">\n\t\t<div class=\"elementor-element elementor-element-dba6403 e-con-full e-flex e-con e-child\" data-id=\"dba6403\" data-element_type=\"container\">\n\t\t\t\t<div class=\"elementor-element elementor-element-92cb876 elementor-vertical-align-middle elementor-widget elementor-widget-image-box\" data-id=\"92cb876\" data-element_type=\"widget\" data-widget_type=\"image-box.default\">\n\t\t\t\t<div class=\"elementor-widget-container\">\n\t\t\t\t\t<div class=\"elementor-image-box-wrapper\"><div class=\"elementor-image-box-content\"><h3 class=\"elementor-image-box-title\">CONTACTO<\/h3><\/div><\/div>\t\t\t\t<\/div>\n\t\t\t\t<\/div>\n\t\t\t\t<div class=\"elementor-element elementor-element-63cf040 elementor-widget elementor-widget-heading\" data-id=\"63cf040\" data-element_type=\"widget\" data-widget_type=\"heading.default\">\n\t\t\t\t<div class=\"elementor-widget-container\">\n\t\t\t\t\t<h2 class=\"elementor-heading-title elementor-size-default\">hablemos de evoluci\u00f3n\n<\/h2>\t\t\t\t<\/div>\n\t\t\t\t<\/div>\n\t\t\t\t<div class=\"elementor-element elementor-element-3a4de59 elementor-widget elementor-widget-text-editor\" data-id=\"3a4de59\" data-element_type=\"widget\" data-widget_type=\"text-editor.default\">\n\t\t\t\t<div class=\"elementor-widget-container\">\n\t\t\t\t\t\t\t\t\tSeas founder, ejecutivo, l\u00edder de RR. HH. o simplemente tengas curiosidad por trabajar con<br>nosotros, nos encantar\u00e1 conectar. \n<br>\t\t\t\t\t\t\t\t<\/div>\n\t\t\t\t<\/div>\n\t\t\t\t<div class=\"elementor-element elementor-element-4414439 elementor-widget elementor-widget-text-editor\" data-id=\"4414439\" data-element_type=\"widget\" data-widget_type=\"text-editor.default\">\n\t\t\t\t<div class=\"elementor-widget-container\">\n\t\t\t\t\t\t\t\t\tYa sea que est\u00e9s liderando una empresa, un equipo o tu propia evoluci\u00f3n, nuestros programas te encontrar\u00e1n donde est\u00e9s, y te llevar\u00e1n m\u00e1s lejos.\t\t\t\t\t\t\t\t<\/div>\n\t\t\t\t<\/div>\n\t\t\t\t<\/div>\n\t\t\t\t\t<\/div>\n\t\t\t\t<\/div>\n\t\t<div class=\"elementor-element elementor-element-d0946c3 e-flex e-con-boxed e-con e-parent\" data-id=\"d0946c3\" data-element_type=\"container\" data-settings=\"{&quot;background_background&quot;:&quot;classic&quot;}\">\n\t\t\t\t\t<div class=\"e-con-inner\">\n\t\t\t\t<div class=\"elementor-element elementor-element-cca0cf2 elementor-widget elementor-widget-heading\" data-id=\"cca0cf2\" data-element_type=\"widget\" id=\"conversation\" data-widget_type=\"heading.default\">\n\t\t\t\t<div class=\"elementor-widget-container\">\n\t\t\t\t\t<h2 class=\"elementor-heading-title elementor-size-default\">Inicia una conversaci\u00f3n. Haz una pregunta<\/h2>\t\t\t\t<\/div>\n\t\t\t\t<\/div>\n\t\t\t\t<div class=\"elementor-element elementor-element-40802a7 elementor-widget elementor-widget-heading\" data-id=\"40802a7\" data-element_type=\"widget\" data-widget_type=\"heading.default\">\n\t\t\t\t<div class=\"elementor-widget-container\">\n\t\t\t\t\t<h2 class=\"elementor-heading-title elementor-size-default\">o sal\u00fadanos!<\/h2>\t\t\t\t<\/div>\n\t\t\t\t<\/div>\n\t\t<div class=\"elementor-element elementor-element-f5e7378 e-con-full e-flex e-con e-child\" data-id=\"f5e7378\" data-element_type=\"container\">\n\t\t<div class=\"elementor-element elementor-element-4d4608a e-con-full e-flex e-con e-child\" data-id=\"4d4608a\" data-element_type=\"container\">\n\t\t\t\t<\/div>\n\t\t<div class=\"elementor-element elementor-element-9ae7f79 e-con-full e-flex e-con e-child\" data-id=\"9ae7f79\" data-element_type=\"container\">\n\t\t\t\t<div class=\"elementor-element elementor-element-8fca088 elementor-position-left elementor-vertical-align-middle elementor-widget elementor-widget-image-box\" data-id=\"8fca088\" data-element_type=\"widget\" data-widget_type=\"image-box.default\">\n\t\t\t\t<div class=\"elementor-widget-container\">\n\t\t\t\t\t<div class=\"elementor-image-box-wrapper\"><figure class=\"elementor-image-box-img\"><a href=\"mailto:hello@rethrivin.com\" tabindex=\"-1\"><img fetchpriority=\"high\" decoding=\"async\" width=\"521\" height=\"521\" src=\"https:\/\/rethrivin.com\/wp-content\/uploads\/2025\/07\/contact-woman_Mesa-de-trabajo-1-1.png\" class=\"attachment-full size-full wp-image-1589\" alt=\"\" srcset=\"https:\/\/rethrivin.com\/wp-content\/uploads\/2025\/07\/contact-woman_Mesa-de-trabajo-1-1.png 521w, https:\/\/rethrivin.com\/wp-content\/uploads\/2025\/07\/contact-woman_Mesa-de-trabajo-1-1-300x300.png 300w, https:\/\/rethrivin.com\/wp-content\/uploads\/2025\/07\/contact-woman_Mesa-de-trabajo-1-1-150x150.png 150w\" sizes=\"(max-width: 521px) 100vw, 521px\" \/><\/a><\/figure><div class=\"elementor-image-box-content\"><p class=\"elementor-image-box-description\">hello@rethrivin.com<\/p><\/div><\/div>\t\t\t\t<\/div>\n\t\t\t\t<\/div>\n\t\t\t\t<div class=\"elementor-element elementor-element-41504cd elementor-position-left elementor-vertical-align-middle elementor-widget elementor-widget-image-box\" data-id=\"41504cd\" data-element_type=\"widget\" data-widget_type=\"image-box.default\">\n\t\t\t\t<div class=\"elementor-widget-container\">\n\t\t\t\t\t<div class=\"elementor-image-box-wrapper\"><figure class=\"elementor-image-box-img\"><a href=\"tel:+1%20(415)%20425-3905\" tabindex=\"-1\"><img decoding=\"async\" width=\"521\" height=\"521\" src=\"https:\/\/rethrivin.com\/wp-content\/uploads\/2025\/07\/contact-woman_Mesa-de-trabajo-1-copy.png\" class=\"attachment-full size-full wp-image-1584\" alt=\"\" srcset=\"https:\/\/rethrivin.com\/wp-content\/uploads\/2025\/07\/contact-woman_Mesa-de-trabajo-1-copy.png 521w, https:\/\/rethrivin.com\/wp-content\/uploads\/2025\/07\/contact-woman_Mesa-de-trabajo-1-copy-300x300.png 300w, https:\/\/rethrivin.com\/wp-content\/uploads\/2025\/07\/contact-woman_Mesa-de-trabajo-1-copy-150x150.png 150w\" sizes=\"(max-width: 521px) 100vw, 521px\" \/><\/a><\/figure><div class=\"elementor-image-box-content\"><p class=\"elementor-image-box-description\">+1 (415) 425-3905<\/p><\/div><\/div>\t\t\t\t<\/div>\n\t\t\t\t<\/div>\n\t\t\t\t<div class=\"elementor-element elementor-element-6f020d4 elementor-position-left elementor-vertical-align-middle elementor-widget elementor-widget-image-box\" data-id=\"6f020d4\" data-element_type=\"widget\" data-widget_type=\"image-box.default\">\n\t\t\t\t<div class=\"elementor-widget-container\">\n\t\t\t\t\t<div class=\"elementor-image-box-wrapper\"><figure class=\"elementor-image-box-img\"><a href=\"tel:+14156915052\" tabindex=\"-1\"><img decoding=\"async\" width=\"521\" height=\"521\" src=\"https:\/\/rethrivin.com\/wp-content\/uploads\/2025\/07\/contact-woman_Mesa-de-trabajo-1-copy-2.png\" class=\"attachment-full size-full wp-image-1583\" alt=\"\" srcset=\"https:\/\/rethrivin.com\/wp-content\/uploads\/2025\/07\/contact-woman_Mesa-de-trabajo-1-copy-2.png 521w, https:\/\/rethrivin.com\/wp-content\/uploads\/2025\/07\/contact-woman_Mesa-de-trabajo-1-copy-2-300x300.png 300w, https:\/\/rethrivin.com\/wp-content\/uploads\/2025\/07\/contact-woman_Mesa-de-trabajo-1-copy-2-150x150.png 150w\" sizes=\"(max-width: 521px) 100vw, 521px\" \/><\/a><\/figure><div class=\"elementor-image-box-content\"><p class=\"elementor-image-box-description\">Oficinas: Miami, FL <img decoding=\"async\" src=\"https:\/\/rethrivin.com\/wp-content\/uploads\/2025\/07\/united-states.png\"> | M\u00e9xico <img decoding=\"async\" src=\"https:\/\/rethrivin.com\/wp-content\/uploads\/2025\/07\/flag.png\"><\/p><\/div><\/div>\t\t\t\t<\/div>\n\t\t\t\t<\/div>\n\t\t\t\t<div class=\"elementor-element elementor-element-7cba183 elementor-align-left elementor-widget-tablet__width-initial elementor-widget elementor-widget-button\" data-id=\"7cba183\" data-element_type=\"widget\" data-widget_type=\"button.default\">\n\t\t\t\t<div class=\"elementor-widget-container\">\n\t\t\t\t\t\t\t\t\t<div class=\"elementor-button-wrapper\">\n\t\t\t\t\t<a class=\"elementor-button elementor-button-link elementor-size-sm\" href=\"https:\/\/wa.me\/14154253905\" id=\"new-brn\" target=\"_blank\" rel=\"noopener\">\n\t\t\t\t\t\t<span class=\"elementor-button-content-wrapper\">\n\t\t\t\t\t\t\t\t\t<span class=\"elementor-button-text\">Chatea en WhatsApp<\/span>\n\t\t\t\t\t<\/span>\n\t\t\t\t\t<\/a>\n\t\t\t\t<\/div>\n\t\t\t\t\t\t\t\t<\/div>\n\t\t\t\t<\/div>\n\t\t\t\t<\/div>\n\t\t\t\t<\/div>\n\t\t\t\t\t<\/div>\n\t\t\t\t<\/div>\n\t\t<div class=\"elementor-element elementor-element-f4b7604 e-con-full e-flex e-con e-parent\" data-id=\"f4b7604\" data-element_type=\"container\" data-settings=\"{&quot;background_background&quot;:&quot;classic&quot;}\">\n\t\t<div class=\"elementor-element elementor-element-b453ea3 e-con-full e-flex e-con e-child\" data-id=\"b453ea3\" data-element_type=\"container\" id=\"formulario\">\n\t\t\t\t<div class=\"elementor-element elementor-element-346a656 elementor-widget elementor-widget-heading\" data-id=\"346a656\" data-element_type=\"widget\" data-widget_type=\"heading.default\">\n\t\t\t\t<div class=\"elementor-widget-container\">\n\t\t\t\t\t<h2 class=\"elementor-heading-title elementor-size-default\">\u00bfPrefieres que te contactemos?<\/h2>\t\t\t\t<\/div>\n\t\t\t\t<\/div>\n\t\t\t\t<div class=\"elementor-element elementor-element-b4a602a elementor-widget elementor-widget-text-editor\" data-id=\"b4a602a\" data-element_type=\"widget\" data-widget_type=\"text-editor.default\">\n\t\t\t\t<div class=\"elementor-widget-container\">\n\t\t\t\t\t\t\t\t\tD\u00e9janos tus datos, te contactar\u00e1n muy pronto.\t\t\t\t\t\t\t\t<\/div>\n\t\t\t\t<\/div>\n\t\t\t\t<div class=\"elementor-element elementor-element-e30505d elementor-widget elementor-widget-shortcode\" data-id=\"e30505d\" data-element_type=\"widget\" data-widget_type=\"shortcode.default\">\n\t\t\t\t<div class=\"elementor-widget-container\">\n\t\t\t\t\t\t\t<div class=\"elementor-shortcode\">\n<div class=\"wpcf7 no-js\" id=\"wpcf7-f2394-o1\" lang=\"es-ES\" dir=\"ltr\" data-wpcf7-id=\"2394\">\n<div class=\"screen-reader-response\"><p role=\"status\" aria-live=\"polite\" aria-atomic=\"true\"><\/p> <ul><\/ul><\/div>\n<form action=\"\/es\/wp-json\/wp\/v2\/pages\/2385#wpcf7-f2394-o1\" method=\"post\" class=\"wpcf7-form init\" aria-label=\"Formulario de contacto\" novalidate=\"novalidate\" data-status=\"init\">\n<fieldset class=\"hidden-fields-container\"><input type=\"hidden\" name=\"_wpcf7\" value=\"2394\" \/><input type=\"hidden\" name=\"_wpcf7_version\" value=\"6.1.1\" \/><input type=\"hidden\" name=\"_wpcf7_locale\" value=\"es_ES\" \/><input type=\"hidden\" name=\"_wpcf7_unit_tag\" value=\"wpcf7-f2394-o1\" \/><input type=\"hidden\" name=\"_wpcf7_container_post\" value=\"0\" \/><input type=\"hidden\" name=\"_wpcf7_posted_data_hash\" value=\"\" \/>\n<\/fieldset>\n<div class=\"styled-form\">\n\t<div class=\"form-row-r\">\n\t\t<p><span class=\"wpcf7-form-control-wrap\" data-name=\"text-522\"><input size=\"40\" maxlength=\"400\" class=\"wpcf7-form-control wpcf7-text wpcf7-validates-as-required\" autocomplete=\"name\" aria-required=\"true\" aria-invalid=\"false\" placeholder=\"Nombre\" value=\"\" type=\"text\" name=\"text-522\" \/><\/span><span class=\"wpcf7-form-control-wrap\" data-name=\"text-312\"><input size=\"40\" maxlength=\"400\" class=\"wpcf7-form-control wpcf7-text wpcf7-validates-as-required\" aria-required=\"true\" aria-invalid=\"false\" placeholder=\"Apellido\" value=\"\" type=\"text\" name=\"text-312\" \/><\/span>\n\t\t<\/p>\n\t<\/div>\n\t<div class=\"form-row-r\">\n\t\t<p><span class=\"wpcf7-form-control-wrap\" data-name=\"text-333\"><input size=\"40\" maxlength=\"400\" class=\"wpcf7-form-control wpcf7-text\" aria-invalid=\"false\" placeholder=\"Empresa\" value=\"\" type=\"text\" name=\"text-333\" \/><\/span><span class=\"wpcf7-form-control-wrap\" data-name=\"text-26\"><input size=\"40\" maxlength=\"400\" class=\"wpcf7-form-control wpcf7-text\" aria-invalid=\"false\" placeholder=\"Puesto\" value=\"\" type=\"text\" name=\"text-26\" \/><\/span>\n\t\t<\/p>\n\t<\/div>\n\t<div class=\"form-row-r\">\n\t\t<p><span class=\"wpcf7-form-control-wrap\" data-name=\"tel-969\"><input size=\"40\" maxlength=\"400\" class=\"wpcf7-form-control wpcf7-tel wpcf7-text wpcf7-validates-as-tel\" aria-invalid=\"false\" placeholder=\"Tel\u00e9fono\" value=\"\" type=\"tel\" name=\"tel-969\" \/><\/span><span class=\"wpcf7-form-control-wrap\" data-name=\"email-5\"><input size=\"40\" maxlength=\"400\" class=\"wpcf7-form-control wpcf7-email wpcf7-text wpcf7-validates-as-email\" aria-invalid=\"false\" placeholder=\"Correo\" value=\"\" type=\"email\" name=\"email-5\" \/><\/span>\n\t\t<\/p>\n\t<\/div>\n\t<div class=\"form-row-r\">\n\t\t<p><span class=\"wpcf7-form-control-wrap\" data-name=\"text-244\"><input size=\"40\" maxlength=\"400\" class=\"wpcf7-form-control wpcf7-text\" aria-invalid=\"false\" placeholder=\"Pa\u00eds\" value=\"\" type=\"text\" name=\"text-244\" \/><\/span><span class=\"wpcf7-form-control-wrap\" data-name=\"text-973\"><input size=\"40\" maxlength=\"400\" class=\"wpcf7-form-control wpcf7-text op\" aria-invalid=\"false\" value=\"\" type=\"text\" name=\"text-973\" \/><\/span>\n\t\t<\/p>\n\t<\/div>\n\t<div class=\"form-row single\">\n\t\t<p><input class=\"wpcf7-form-control wpcf7-submit has-spinner\" type=\"submit\" value=\"inicia tu evoluci\u00f3n\" \/>\n\t\t<\/p>\n\t<\/div>\n<\/div>\n<style>\n\n.form-row-r p {\n display: flex;\n gap: 20px;\n margin-bottom: 20px;\n flex-wrap: ;\n}\n.styled-form {\n max-width: 700px;\n\n}\ninput.wpcf7-form-control.wpcf7-text.op {\n opacity: 0;\n}\n.styled-form input[type=\"text\"],\n.styled-form input[type=\"email\"],\n.styled-form input[type=\"tel\"] {\n flex: 1;\n padding: 14px 16px;\n border-radius: 12px;\n border: none;\n background-color: #fff;\n box-shadow: 0 2px 10px rgba(0,0,0,0.1);\n font-size: 16px;\n width: 100%;\n}\ninput.wpcf7-form-control.wpcf7-submit.has-spinner {\n background: #0b1851;\n font-family: 'Poppins';\n background-color: #F27AF3;\n font-family: \"Poppins\", Sans-serif;\n font-size: 18px;\n font-weight: 500;\n border-radius: 50px 50px 50px 50px;\n padding: 020px 020px 020px 020px;\n width: 289px;\n}\n<\/style><div class=\"wpcf7-response-output\" aria-hidden=\"true\"><\/div>\n<\/form>\n<\/div>\n<\/div>\n\t\t\t\t\t\t<\/div>\n\t\t\t\t<\/div>\n\t\t\t\t<\/div>\n\t\t\t\t<\/div>\n\t\t\t\t<\/div>\n\t\t","protected":false},"excerpt":{"rendered":"<p>CONTACTO hablemos de evoluci\u00f3n Seas founder, ejecutivo, l\u00edder de RR. HH. o simplemente tengas curiosidad por trabajar connosotros, nos encantar\u00e1 conectar. Ya sea que est\u00e9s liderando una empresa, un equipo o tu propia evoluci\u00f3n, nuestros programas te encontrar\u00e1n donde est\u00e9s, y te llevar\u00e1n m\u00e1s lejos. Inicia una conversaci\u00f3n. Haz una pregunta o sal\u00fadanos! hello@rethrivin.com +1&hellip;&nbsp;<a href=\"https:\/\/rethrivin.com\/es\/contacto\/\" rel=\"bookmark\">Leer m\u00e1s &raquo;<span class=\"screen-reader-text\">Contacto<\/span><\/a><\/p>\n","protected":false},"author":1,"featured_media":0,"parent":0,"menu_order":0,"comment_status":"closed","ping_status":"closed","template":"elementor_header_footer","meta":{"neve_meta_sidebar":"","neve_meta_container":"","neve_meta_enable_content_width":"on","neve_meta_content_width":100,"neve_meta_title_alignment":"","neve_meta_author_avatar":"","neve_post_elements_order":"","neve_meta_disable_header":"","neve_meta_disable_footer":"","neve_meta_disable_title":"on","footnotes":""},"class_list":["post-2385","page","type-page","status-publish","hentry"],"_links":{"self":[{"href":"https:\/\/rethrivin.com\/es\/wp-json\/wp\/v2\/pages\/2385","targetHints":{"allow":["GET"]}}],"collection":[{"href":"https:\/\/rethrivin.com\/es\/wp-json\/wp\/v2\/pages"}],"about":[{"href":"https:\/\/rethrivin.com\/es\/wp-json\/wp\/v2\/types\/page"}],"author":[{"embeddable":true,"href":"https:\/\/rethrivin.com\/es\/wp-json\/wp\/v2\/users\/1"}],"replies":[{"embeddable":true,"href":"https:\/\/rethrivin.com\/es\/wp-json\/wp\/v2\/comments?post=2385"}],"version-history":[{"count":19,"href":"https:\/\/rethrivin.com\/es\/wp-json\/wp\/v2\/pages\/2385\/revisions"}],"predecessor-version":[{"id":2616,"href":"https:\/\/rethrivin.com\/es\/wp-json\/wp\/v2\/pages\/2385\/revisions\/2616"}],"wp:attachment":[{"href":"https:\/\/rethrivin.com\/es\/wp-json\/wp\/v2\/media?parent=2385"}],"curies":[{"name":"wp","href":"https:\/\/api.w.org\/{rel}","templated":true}]}}