{"id":2500,"date":"2025-05-16T07:21:27","date_gmt":"2025-05-16T07:21:27","guid":{"rendered":"https:\/\/rethrivin.com\/blog\/"},"modified":"2025-10-03T16:43:44","modified_gmt":"2025-10-03T16:43:44","slug":"blog","status":"publish","type":"page","link":"https:\/\/rethrivin.com\/es\/blog\/","title":{"rendered":"Blog"},"content":{"rendered":"\t\t<div data-elementor-type=\"wp-page\" data-elementor-id=\"2500\" class=\"elementor elementor-2500 elementor-13\">\n\t\t\t\t<div class=\"elementor-element elementor-element-56529cb e-flex e-con-boxed e-con e-parent\" data-id=\"56529cb\" data-element_type=\"container\" data-settings=\"{&quot;background_background&quot;:&quot;classic&quot;}\">\n\t\t\t\t\t<div class=\"e-con-inner\">\n\t\t<div class=\"elementor-element elementor-element-3266880 e-con-full e-flex e-con e-child\" data-id=\"3266880\" data-element_type=\"container\">\n\t\t\t\t<div class=\"elementor-element elementor-element-deca433 elementor-vertical-align-middle elementor-widget elementor-widget-image-box\" data-id=\"deca433\" data-element_type=\"widget\" data-widget_type=\"image-box.default\">\n\t\t\t\t<div class=\"elementor-widget-container\">\n\t\t\t\t\t<div class=\"elementor-image-box-wrapper\"><div class=\"elementor-image-box-content\"><h3 class=\"elementor-image-box-title\">rethrivin insights<\/h3><\/div><\/div>\t\t\t\t<\/div>\n\t\t\t\t<\/div>\n\t\t\t\t<div class=\"elementor-element elementor-element-68272faf elementor-widget elementor-widget-heading\" data-id=\"68272faf\" data-element_type=\"widget\" data-widget_type=\"heading.default\">\n\t\t\t\t<div class=\"elementor-widget-container\">\n\t\t\t\t\t<h2 class=\"elementor-heading-title elementor-size-default\">donde el liderazgo se encuentra con la evoluci\u00f3n.<\/h2>\t\t\t\t<\/div>\n\t\t\t\t<\/div>\n\t\t\t\t<div class=\"elementor-element elementor-element-7af8a4d4 elementor-widget elementor-widget-text-editor\" data-id=\"7af8a4d4\" data-element_type=\"widget\" data-widget_type=\"text-editor.default\">\n\t\t\t\t<div class=\"elementor-widget-container\">\n\t\t\t\t\t\t\t\t\t<p>Esto no es solo un blog: es un espacio para preguntas audaces, insights honestos y ese tipo\nde reflexi\u00f3n de liderazgo a la que rara vez le damos tiempo. Aqu\u00ed desmenuzamos qu\u00e9 significa\ncrecer \u2014 como ejecutivos, como equipos y como humanos. <\/p>\t\t\t\t\t\t\t\t<\/div>\n\t\t\t\t<\/div>\n\t\t\t\t<div class=\"elementor-element elementor-element-8b28959 elementor-widget elementor-widget-text-editor\" data-id=\"8b28959\" data-element_type=\"widget\" data-widget_type=\"text-editor.default\">\n\t\t\t\t<div class=\"elementor-widget-container\">\n\t\t\t\t\t\t\t\t\t<p>Si est\u00e1s navegando el cambio,\nescalando tu impacto o buscando liderar con m\u00e1s presencia y prop\u00f3sito, encontrar\u00e1s\nherramientas, historias y frameworks para evolucionar desde adentro. Gu\u00e1rdalo. Comp\u00e1rtelo.\nVuelve seguido. <\/p>\t\t\t\t\t\t\t\t<\/div>\n\t\t\t\t<\/div>\n\t\t\t\t<\/div>\n\t\t<div class=\"elementor-element elementor-element-ff54030 e-con-full e-flex e-con e-child\" data-id=\"ff54030\" data-element_type=\"container\">\n\t\t<div class=\"elementor-element elementor-element-3293c8f e-con-full max-width e-flex e-con e-child\" data-id=\"3293c8f\" data-element_type=\"container\" data-settings=\"{&quot;background_background&quot;:&quot;classic&quot;}\">\n\t\t\t\t<div class=\"elementor-element elementor-element-8f1de88 elementor-widget elementor-widget-text-editor\" data-id=\"8f1de88\" data-element_type=\"widget\" data-widget_type=\"text-editor.default\">\n\t\t\t\t<div class=\"elementor-widget-container\">\n\t\t\t\t\t\t\t\t\t<p>Porque el liderazgo no es est\u00e1tico \u2014 y t\u00fa tampoco.<\/p>\t\t\t\t\t\t\t\t<\/div>\n\t\t\t\t<\/div>\n\t\t\t\t<\/div>\n\t\t\t\t<\/div>\n\t\t\t\t\t<\/div>\n\t\t\t\t<\/div>\n\t\t<div class=\"elementor-element elementor-element-cf10bd1 e-con-full e-flex e-con e-parent\" data-id=\"cf10bd1\" data-element_type=\"container\">\n\t\t\t\t<div class=\"elementor-element elementor-element-6b18f15 elementor-widget__width-inherit elementor-widget elementor-widget-gutenberg-post-blocks\" data-id=\"6b18f15\" data-element_type=\"widget\" data-widget_type=\"gutenberg-post-blocks.default\">\n\t\t\t\t<div class=\"elementor-widget-container\">\n\t\t\t\t\t<div class=\"ultp-shortcode\" data-postid=\"1623\"><div  class=\"ultp-post-grid-block wp-block-ultimate-post-post-grid-2 ultp-block-7a23fa\"><div class=\"ultp-block-wrapper\"><div class=\"ultp-loading\"><div class=\"ultp-loading-blocks\" style=\"width:100%;height:100%;\"><div style=\"left: 0;top: 0;animation-delay:0s;\"><\/div><div style=\"left: 21px;top: 0;animation-delay:0.125s;\"><\/div><div style=\"left: 42px;top: 0;animation-delay:0.25s;\"><\/div><div style=\"left: 0;top: 21px;animation-delay:0.875s;\"><\/div><div style=\"left: 42px;top: 21px;animation-delay:0.375s;\"><\/div><div style=\"left: 0;top: 42px;animation-delay:0.75s;\"><\/div><div style=\"left: 42px;top: 42px;animation-delay:0.625s;\"><\/div><div style=\"left: 21px;top: 42px;animation-delay:0.5s;\"><\/div><\/div><\/div><div class=\"ultp-heading-filter\"><div class=\"ultp-heading-filter-in\"><div class=\"ultp-heading-wrap ultp-heading-style15 ultp-heading-center\"><h2 class=\"ultp-heading-inner\"><span>Trending Posts<\/span><\/h2><\/div><\/div><\/div><div class=\"ultp-block-items-wrap ultp-block-row\"><div class=\"ultp-block-item post-id-2698\"><div class=\"ultp-block-content-wrap ultp-block-content-overlay\"><div class=\"ultp-block-image ultp-block-image-zoomOut ultp-block-image-overlay ultp-block-image-custom\"><a href=\"https:\/\/rethrivin.com\/es\/mas-alla-de-la-mascara-los-costos-ocultos-del-liderazgo-inautentico\/\" ><img decoding=\"async\"  alt=\"M\u00e1s All\u00e1 de la M\u00e1scara: Los Costos Ocultos del Liderazgo Inaut\u00e9ntico\"  src=\"https:\/\/rethrivin.com\/wp-content\/uploads\/2025\/10\/beyondthemask-870x570.webp\" \/><\/a><\/div><div class=\"ultp-block-content ultp-block-content-bottomPosition\"><div class=\"ultp-block-content-inner\"><h3 class=\"ultp-block-title \"><a href=\"https:\/\/rethrivin.com\/es\/mas-alla-de-la-mascara-los-costos-ocultos-del-liderazgo-inautentico\/\" >M\u00e1s All\u00e1 de la M\u00e1scara: Los Costos Ocultos del Liderazgo Inaut\u00e9ntico<\/a><\/h3><div class=\"ultp-block-meta ultp-block-meta-dot ultp-block-meta-noIcon\"><span class=\"ultp-block-author ultp-block-meta-element\">By<a class=\"\" href=\"https:\/\/rethrivin.com\/es\/author\/admin\/\">admin<\/a><\/span><span class=\"ultp-block-date ultp-block-meta-element\">Nov 4, 2025<\/span><\/div><div class=\"ultp-block-excerpt\"><p>Por Qu\u00e9 la Autenticidad No es un Lujo; es la Base del Liderazgo Sostenible Trabaj\u00e9 con una ejecutiva que, en&hellip;<\/p>\n<\/div><div class=\"ultp-block-readmore\"><a aria-label=\"M\u00e1s All\u00e1 de la M\u00e1scara: Los Costos Ocultos del Liderazgo Inaut\u00e9ntico\" href=\"https:\/\/rethrivin.com\/es\/mas-alla-de-la-mascara-los-costos-ocultos-del-liderazgo-inautentico\/\" >read more<\/a><\/div><\/div><\/div><\/div><\/div><div class=\"ultp-block-item post-id-2696\"><div class=\"ultp-block-content-wrap ultp-block-content-overlay\"><div class=\"ultp-block-image ultp-block-image-zoomOut ultp-block-image-overlay ultp-block-image-custom\"><a href=\"https:\/\/rethrivin.com\/es\/cuando-el-miedo-dirige-el-espectaculo-por-que-paraliza-a-los-lideres-mas-de-lo-que-los-protege\/\" ><img decoding=\"async\"  alt=\"Cuando el miedo dirige el espect\u00e1culo: por qu\u00e9 paraliza a los l\u00edderes m\u00e1s de lo que los protege\"  src=\"https:\/\/rethrivin.com\/wp-content\/uploads\/2025\/07\/escenas-de-personas-en-el-trabajo-scaled.jpg\" \/><\/a><\/div><div class=\"ultp-block-content ultp-block-content-bottomPosition\"><div class=\"ultp-block-content-inner\"><h3 class=\"ultp-block-title \"><a href=\"https:\/\/rethrivin.com\/es\/cuando-el-miedo-dirige-el-espectaculo-por-que-paraliza-a-los-lideres-mas-de-lo-que-los-protege\/\" >Cuando el miedo dirige el espect\u00e1culo: por qu\u00e9 paraliza a los l\u00edderes m\u00e1s de lo que los protege<\/a><\/h3><div class=\"ultp-block-meta ultp-block-meta-dot ultp-block-meta-noIcon\"><span class=\"ultp-block-author ultp-block-meta-element\">By<a class=\"\" href=\"https:\/\/rethrivin.com\/es\/author\/admin\/\">admin<\/a><\/span><span class=\"ultp-block-date ultp-block-meta-element\">Nov 4, 2025<\/span><\/div><div class=\"ultp-block-excerpt\"><p>C\u00f3mo el liderazgo basado en el miedo sofoca el crecimiento\u2014y qu\u00e9 hacer en su lugar Trabaj\u00e9 con un nuevo CEO&hellip;<\/p>\n<\/div><div class=\"ultp-block-readmore\"><a aria-label=\"Cuando el miedo dirige el espect\u00e1culo: por qu\u00e9 paraliza a los l\u00edderes m\u00e1s de lo que los protege\" href=\"https:\/\/rethrivin.com\/es\/cuando-el-miedo-dirige-el-espectaculo-por-que-paraliza-a-los-lideres-mas-de-lo-que-los-protege\/\" >read more<\/a><\/div><\/div><\/div><\/div><\/div><div class=\"ultp-block-item post-id-2644\"><div class=\"ultp-block-content-wrap ultp-block-content-overlay\"><div class=\"ultp-block-image ultp-block-image-zoomOut ultp-block-image-overlay ultp-block-image-custom\"><a href=\"https:\/\/rethrivin.com\/es\/when-success-feels-empty-the-hidden-cost-of-high-achievement\/\" ><img decoding=\"async\"  alt=\"Cuando el \u00e9xito se siente vac\u00edo: el costo oculto del alto rendimiento\"  src=\"https:\/\/rethrivin.com\/wp-content\/uploads\/2025\/10\/blog-02-870x570.jpg\" \/><\/a><\/div><div class=\"ultp-block-content ultp-block-content-bottomPosition\"><div class=\"ultp-block-content-inner\"><h3 class=\"ultp-block-title \"><a href=\"https:\/\/rethrivin.com\/es\/when-success-feels-empty-the-hidden-cost-of-high-achievement\/\" >Cuando el \u00e9xito se siente vac\u00edo: el costo oculto del alto rendimiento<\/a><\/h3><div class=\"ultp-block-meta ultp-block-meta-dot ultp-block-meta-noIcon\"><span class=\"ultp-block-author ultp-block-meta-element\">By<a class=\"\" href=\"https:\/\/rethrivin.com\/es\/author\/admin\/\">admin<\/a><\/span><span class=\"ultp-block-date ultp-block-meta-element\">Oct 15, 2025<\/span><\/div><div class=\"ultp-block-excerpt\"><p>Cuando uno de mis clientes m\u00e1s conscientes y eficientes me mir\u00f3 con desconcierto y me dijo: \u2018\u00bfPor qu\u00e9 me siento&hellip;<\/p>\n<\/div><div class=\"ultp-block-readmore\"><a aria-label=\"Cuando el \u00e9xito se siente vac\u00edo: el costo oculto del alto rendimiento\" href=\"https:\/\/rethrivin.com\/es\/when-success-feels-empty-the-hidden-cost-of-high-achievement\/\" >read more<\/a><\/div><\/div><\/div><\/div><\/div><div class=\"ultp-block-item post-id-2514\"><div class=\"ultp-block-content-wrap ultp-block-content-overlay\"><div class=\"ultp-block-image ultp-block-image-zoomOut ultp-block-image-overlay ultp-block-image-custom\"><a href=\"https:\/\/rethrivin.com\/es\/que-es-realmente-el-executive-coaching-y-por-que-mas-lideres-en-miami-estaninvirtiendo-en-ello\/\" ><img decoding=\"async\"  alt=\"Por Qu\u00e9 Algunos L\u00edderes Se Bloquean (Y C\u00f3mo Logr\u00e9 Soltarme)\"  src=\"https:\/\/rethrivin.com\/wp-content\/uploads\/2025\/09\/blog-01-Why-Some-Leaders-870x570.jpg\" \/><\/a><\/div><div class=\"ultp-block-content ultp-block-content-bottomPosition\"><div class=\"ultp-block-content-inner\"><h3 class=\"ultp-block-title \"><a href=\"https:\/\/rethrivin.com\/es\/que-es-realmente-el-executive-coaching-y-por-que-mas-lideres-en-miami-estaninvirtiendo-en-ello\/\" >Por Qu\u00e9 Algunos L\u00edderes Se Bloquean (Y C\u00f3mo Logr\u00e9 Soltarme)<\/a><\/h3><div class=\"ultp-block-meta ultp-block-meta-dot ultp-block-meta-noIcon\"><span class=\"ultp-block-author ultp-block-meta-element\">By<a class=\"\" href=\"https:\/\/rethrivin.com\/es\/author\/admin\/\">admin<\/a><\/span><span class=\"ultp-block-date ultp-block-meta-element\">Sep 6, 2025<\/span><\/div><div class=\"ultp-block-excerpt\"><p>Las Ra\u00edces Ocultas de la Resistencia al Cambio y El Coraje Para Transformarse Algunos de los l\u00edderes m\u00e1s inteligentes y&hellip;<\/p>\n<\/div><div class=\"ultp-block-readmore\"><a aria-label=\"Por Qu\u00e9 Algunos L\u00edderes Se Bloquean (Y C\u00f3mo Logr\u00e9 Soltarme)\" href=\"https:\/\/rethrivin.com\/es\/que-es-realmente-el-executive-coaching-y-por-que-mas-lideres-en-miami-estaninvirtiendo-en-ello\/\" >read more<\/a><\/div><\/div><\/div><\/div><\/div><\/div><\/div><div class=\"pagination-block-html\" aria-hidden=\"true\" style=\"display: none;\"><\/div><\/div><\/div>\t\t\t\t<\/div>\n\t\t\t\t<\/div>\n\t\t\t\t<\/div>\n\t\t\t\t<\/div>\n\t\t","protected":false},"excerpt":{"rendered":"<p>rethrivin insights donde el liderazgo se encuentra con la evoluci\u00f3n. Esto no es solo un blog: es un espacio para preguntas audaces, insights honestos y ese tipo de reflexi\u00f3n de liderazgo a la que rara vez le damos tiempo. Aqu\u00ed desmenuzamos qu\u00e9 significa crecer \u2014 como ejecutivos, como equipos y como humanos. Si est\u00e1s navegando&hellip;&nbsp;<a href=\"https:\/\/rethrivin.com\/es\/?ultp_templates=post\" rel=\"bookmark\">Leer m\u00e1s &raquo;<span class=\"screen-reader-text\">post<\/span><\/a><\/p>\n","protected":false},"author":1,"featured_media":0,"parent":0,"menu_order":0,"comment_status":"closed","ping_status":"closed","template":"elementor_header_footer","meta":{"neve_meta_sidebar":"","neve_meta_container":"","neve_meta_enable_content_width":"on","neve_meta_content_width":100,"neve_meta_title_alignment":"","neve_meta_author_avatar":"","neve_post_elements_order":"","neve_meta_disable_header":"","neve_meta_disable_footer":"","neve_meta_disable_title":"on","footnotes":""},"class_list":["post-2500","page","type-page","status-publish","hentry"],"_links":{"self":[{"href":"https:\/\/rethrivin.com\/es\/wp-json\/wp\/v2\/pages\/2500","targetHints":{"allow":["GET"]}}],"collection":[{"href":"https:\/\/rethrivin.com\/es\/wp-json\/wp\/v2\/pages"}],"about":[{"href":"https:\/\/rethrivin.com\/es\/wp-json\/wp\/v2\/types\/page"}],"author":[{"embeddable":true,"href":"https:\/\/rethrivin.com\/es\/wp-json\/wp\/v2\/users\/1"}],"replies":[{"embeddable":true,"href":"https:\/\/rethrivin.com\/es\/wp-json\/wp\/v2\/comments?post=2500"}],"version-history":[{"count":11,"href":"https:\/\/rethrivin.com\/es\/wp-json\/wp\/v2\/pages\/2500\/revisions"}],"predecessor-version":[{"id":2513,"href":"https:\/\/rethrivin.com\/es\/wp-json\/wp\/v2\/pages\/2500\/revisions\/2513"}],"wp:attachment":[{"href":"https:\/\/rethrivin.com\/es\/wp-json\/wp\/v2\/media?parent=2500"}],"curies":[{"name":"wp","href":"https:\/\/api.w.org\/{rel}","templated":true}]}}